{"id":155,"date":"2023-04-11T17:53:01","date_gmt":"2023-04-11T16:53:01","guid":{"rendered":"https:\/\/ambkinshasa.esteri.it\/chi-siamo\/lambasciatore\/"},"modified":"2024-11-05T12:38:46","modified_gmt":"2024-11-05T11:38:46","slug":"lambasciatore","status":"publish","type":"page","link":"https:\/\/ambkinshasa.esteri.it\/fr\/chi-siamo\/lambasciatore\/","title":{"rendered":"L&#8217;Ambassadeur"},"content":{"rendered":"<p style=\"text-align: justify;\"><img loading=\"lazy\" decoding=\"async\" class=\"alignnone size-medium wp-image-2342 img-fluid\" src=\"https:\/\/ambkinshasa.esteri.it\/wp-content\/uploads\/2024\/11\/DINO_FOTO-300x287.jpg\" alt=\"\" width=\"300\" height=\"287\" srcset=\"https:\/\/ambkinshasa.esteri.it\/wp-content\/uploads\/2024\/11\/DINO_FOTO-300x287.jpg 300w, https:\/\/ambkinshasa.esteri.it\/wp-content\/uploads\/2024\/11\/DINO_FOTO-768x734.jpg 768w, https:\/\/ambkinshasa.esteri.it\/wp-content\/uploads\/2024\/11\/DINO_FOTO.jpg 820w\" sizes=\"auto, (max-width: 300px) 100vw, 300px\" \/><\/p>\n<p><strong>Dino Sorrentino<\/strong><\/p>\n<p>Dino Sorrentino est n\u00e9 \u00e0 Ravenna, en Italie, le 3 d\u00e9cembre 1966. Il a obtenu son dipl\u00f4me en sciences politiques \u00e0 l\u2019Institut Universitaire Oriental de Naples le 10 juillet 1995.<\/p>\n<p>Apr\u00e8s avoir r\u00e9ussi le concours de diplomate, il entre dans la carri\u00e8re diplomatique le 23 d\u00e9cembre 2002 en tant que Secr\u00e9taire de L\u00e9gation. Il finalise ensuite son cours de formation professionnelle \u00e0 l\u2019Institut Diplomatique, o\u00f9 il est rattach\u00e9 \u00e0 la Direction G\u00e9n\u00e9rale de la Coop\u00e9ration \u00e9conomique et financi\u00e8re multilat\u00e9rale, ainsi qu&#8217;\u00e0 la Direction G\u00e9n\u00e9rale des Am\u00e9riques, jusqu&#8217;au 22 septembre 2003.<\/p>\n<p>Le 23 septembre 2003, il est confirm\u00e9 dans ses fonctions et nomm\u00e9 Secr\u00e9taire de L\u00e9gation \u00e0 la Direction G\u00e9n\u00e9rale des pays des Am\u00e9riques. Le 13 mars 2004, il est affect\u00e9 \u00e0 la direction g\u00e9n\u00e9rale des pays d&#8217;Asie, d&#8217;Oc\u00e9anie, du Pacifique et de l&#8217;Antarctique, unit\u00e9 III.<\/p>\n<p>De mars 2004 \u00e0 ao\u00fbt 2007, il occupe le poste de Chef de Mission Adjoint \u00e0 la D\u00e9l\u00e9gation Diplomatique Sp\u00e9ciale \u00e0 Taipei. Par la suite, le 20 septembre 2011, il est nomm\u00e9 Consul Adjoint au Consulat G\u00e9n\u00e9ral de premi\u00e8re classe \u00e0 New York.<\/p>\n<p>Il devient Conseiller de L\u00e9gation le 2 juillet 2013, puis Chef du Secr\u00e9tariat de la Direction g\u00e9n\u00e9rale des Italiens \u00e0 l&#8217;\u00e9tranger et des politiques migratoires le 25 mai 2016. Le 2 ao\u00fbt 2017, il prend la direction du Secr\u00e9tariat de la Direction G\u00e9n\u00e9rale de l&#8217;administration, de l&#8217;informatique et des communications.<\/p>\n<p>Le 29 janvier 2019, il est nomm\u00e9 Chef du Secr\u00e9tariat de l&#8217;Inspecteur g\u00e9n\u00e9ral du Minist\u00e8re des Affaires \u00c9trang\u00e8res et Coop\u00e9ration internationale, ainsi que des bureaux \u00e0 l&#8217;\u00e9tranger. Il devient Conseiller d&#8217;ambassade le 2 juillet 2020, puis Premier Conseiller d\u2019Ambassade et Chef de Mission Adjoint \u00e0 Kaboul \u00e0 partir du 1er septembre 2020, o\u00f9 il est confirm\u00e9 dans ses fonctions le 14 septembre 2020.<\/p>\n<p>Le 7 novembre 2022, il est nomm\u00e9 Premier Conseiller commercial \u00e0 Londres, tout en exer\u00e7ant les fonctions de Directeur Ex\u00e9cutif Adjoint pour l&#8217;Italie \u00e0 la Banque europ\u00e9enne pour la reconstruction et le d\u00e9veloppement.<\/p>\n<p>Enfin, le 4 novembre 2024, est nomm\u00e9 Ambassadeur Extraordinaire et Pl\u00e9nipotentiaire d\u2019Italie en R\u00e9publique D\u00e9mocratique du Congo.<br \/>\nEn reconnaissance de ses services, il a \u00e9t\u00e9 fait Chevalier de l&#8217;ordre du m\u00e9rite de la R\u00e9publique en 2019.<br \/>\nSa carri\u00e8re diplomatique t\u00e9moigne de son engagement envers les relations internationales et le service public.<\/p>\n","protected":false},"excerpt":{"rendered":"Dino Sorrentino Dino Sorrentino est n\u00e9 \u00e0 Ravenna, en Italie, le 3 d\u00e9cembre 1966. Il a obtenu son dipl\u00f4me en sciences politiques \u00e0 l\u2019Institut Universitaire Oriental de Naples le 10 juillet 1995. Apr\u00e8s avoir r\u00e9ussi le concours de diplomate, il entre dans la carri\u00e8re diplomatique le 23 d\u00e9cembre 2002 en tant que Secr\u00e9taire de L\u00e9gation. [&hellip;]","protected":false},"author":1,"featured_media":0,"parent":154,"menu_order":0,"comment_status":"closed","ping_status":"closed","template":"","meta":{"footnotes":""},"class_list":["post-155","page","type-page","status-publish","hentry"],"_links":{"self":[{"href":"https:\/\/ambkinshasa.esteri.it\/fr\/wp-json\/wp\/v2\/pages\/155","targetHints":{"allow":["GET"]}}],"collection":[{"href":"https:\/\/ambkinshasa.esteri.it\/fr\/wp-json\/wp\/v2\/pages"}],"about":[{"href":"https:\/\/ambkinshasa.esteri.it\/fr\/wp-json\/wp\/v2\/types\/page"}],"author":[{"embeddable":true,"href":"https:\/\/ambkinshasa.esteri.it\/fr\/wp-json\/wp\/v2\/users\/1"}],"replies":[{"embeddable":true,"href":"https:\/\/ambkinshasa.esteri.it\/fr\/wp-json\/wp\/v2\/comments?post=155"}],"version-history":[{"count":6,"href":"https:\/\/ambkinshasa.esteri.it\/fr\/wp-json\/wp\/v2\/pages\/155\/revisions"}],"predecessor-version":[{"id":2345,"href":"https:\/\/ambkinshasa.esteri.it\/fr\/wp-json\/wp\/v2\/pages\/155\/revisions\/2345"}],"up":[{"embeddable":true,"href":"https:\/\/ambkinshasa.esteri.it\/fr\/wp-json\/wp\/v2\/pages\/154"}],"wp:attachment":[{"href":"https:\/\/ambkinshasa.esteri.it\/fr\/wp-json\/wp\/v2\/media?parent=155"}],"curies":[{"name":"wp","href":"https:\/\/api.w.org\/{rel}","templated":true}]}}