{"id":157,"date":"2023-09-25T15:18:30","date_gmt":"2023-09-25T14:18:30","guid":{"rendered":"https:\/\/ambkinshasa.esteri.it\/chi-siamo\/contatti\/"},"modified":"2023-11-14T11:41:59","modified_gmt":"2023-11-14T10:41:59","slug":"contatti","status":"publish","type":"page","link":"https:\/\/ambkinshasa.esteri.it\/fr\/chi-siamo\/contatti\/","title":{"rendered":"Contacts"},"content":{"rendered":"<p><strong>AMBASSADE D&#8217;ITALIE \u00c0 KINSHASA<\/strong><\/p>\n<p>Adresse : 8, Ambassadeur Luca Attanasio, Gombe, Kinshasa (RDC)<\/p>\n<p>T\u00e9l\u00e9phone\u00a0:\u00a0+243 815 553 651\/652<\/p>\n<p>E-mail\u00a0:\u00a0<strong><a href=\"mailto:ambkins.mail@esteri.it\">ambkins.mail@esteri.it<\/a><\/strong><\/p>\n<p>PEC\u00a0:\u00a0<strong><a href=\"mailto:amb.kinshasa@cert.esteri.it\">amb.kinshasa@cert.esteri.it<\/a><\/strong><\/p>\n<p>Urgence\u00a0:\u00a0<strong>+243\u00a0817\u00a0008\u00a0490<\/strong>\u00a0(Pour les urgences uniquement et r\u00e9serv\u00e9 aux Compatriotes).<\/p>\n<p>L&#8217;Ambassade re\u00e7oit uniquement sur rendez-vous.<\/p>\n<p>Horaires : du lundi au vendredi de 9h00 \u00e0 12h00<\/p>\n<p>Pour plus de coordonn\u00e9es, visitez la page des <a href=\"https:\/\/ambkinshasa.esteri.it\/fr\/chi-siamo\/gli-uffici\/\"><strong>bureaux<\/strong><\/a>.<\/p>\n<p><strong>CALENDRIER DES VACANCES 2024<\/strong><\/p>\n<div class=\"responsive\">\n<table width=\"410\">\n<tbody>\n<tr>\n<td width=\"164\"><em>lundi 1er janvier 2024<\/em><\/td>\n<td width=\"246\">NOUVELLES ANN\u00c9ES<\/td>\n<\/tr>\n<tr>\n<td><em>samedi 6 janvier 2024<\/em><\/td>\n<td>\u00c9PIPHANIE<\/td>\n<\/tr>\n<tr>\n<td><em>lundi 1 avril 2024<\/em><\/td>\n<td>LE LUNDI DE P\u00c2QUES<\/td>\n<\/tr>\n<tr>\n<td><em>jeudi 25 avril 2024<\/em><\/td>\n<td>ANNIV. LIB\u00c9RATION<\/td>\n<\/tr>\n<tr>\n<td><em>mercredi 1er mai 2024<\/em><\/td>\n<td>F\u00caTE DU TRAVAIL<\/td>\n<\/tr>\n<tr>\n<td><em>dimanche 2 juin 2024<\/em><\/td>\n<td>F\u00caTE DE LA R\u00c9PUBLIQUE<\/td>\n<\/tr>\n<tr>\n<td><em>dimanche 30 juin 2024<\/em><\/td>\n<td>F\u00caTE DE L&#8217;IND\u00c9PENDANCE DE LA RDC<\/td>\n<\/tr>\n<tr>\n<td><em>jeudi 15 ao\u00fbt 2024<\/em><\/td>\n<td>ASSOMPTION<\/td>\n<\/tr>\n<tr>\n<td><em>dimanche 8 d\u00e9cembre 2024<\/em><\/td>\n<td>IMMACUL\u00c9E CONCEPTION<\/td>\n<\/tr>\n<tr>\n<td><em>mercredi 25 d\u00e9cembre 2024<\/em><\/td>\n<td>NO\u00cbL<\/td>\n<\/tr>\n<tr>\n<td><em>jeudi 26 d\u00e9cembre 2024<\/em><\/td>\n<td>SAINT \u00c9TIENNE<\/td>\n<\/tr>\n<\/tbody>\n<\/table>\n<\/div>\n","protected":false},"excerpt":{"rendered":"AMBASSADE D&#8217;ITALIE \u00c0 KINSHASA Adresse : 8, Ambassadeur Luca Attanasio, Gombe, Kinshasa (RDC) T\u00e9l\u00e9phone\u00a0:\u00a0+243 815 553 651\/652 E-mail\u00a0:\u00a0ambkins.mail@esteri.it PEC\u00a0:\u00a0amb.kinshasa@cert.esteri.it Urgence\u00a0:\u00a0+243\u00a0817\u00a0008\u00a0490\u00a0(Pour les urgences uniquement et r\u00e9serv\u00e9 aux Compatriotes). L&#8217;Ambassade re\u00e7oit uniquement sur rendez-vous. Horaires : du lundi au vendredi de 9h00 \u00e0 12h00 Pour plus de coordonn\u00e9es, visitez la page des bureaux. CALENDRIER DES VACANCES 2024 [&hellip;]","protected":false},"author":1,"featured_media":0,"parent":154,"menu_order":4,"comment_status":"closed","ping_status":"closed","template":"","meta":{"footnotes":""},"class_list":["post-157","page","type-page","status-publish","hentry"],"_links":{"self":[{"href":"https:\/\/ambkinshasa.esteri.it\/fr\/wp-json\/wp\/v2\/pages\/157","targetHints":{"allow":["GET"]}}],"collection":[{"href":"https:\/\/ambkinshasa.esteri.it\/fr\/wp-json\/wp\/v2\/pages"}],"about":[{"href":"https:\/\/ambkinshasa.esteri.it\/fr\/wp-json\/wp\/v2\/types\/page"}],"author":[{"embeddable":true,"href":"https:\/\/ambkinshasa.esteri.it\/fr\/wp-json\/wp\/v2\/users\/1"}],"replies":[{"embeddable":true,"href":"https:\/\/ambkinshasa.esteri.it\/fr\/wp-json\/wp\/v2\/comments?post=157"}],"version-history":[{"count":3,"href":"https:\/\/ambkinshasa.esteri.it\/fr\/wp-json\/wp\/v2\/pages\/157\/revisions"}],"predecessor-version":[{"id":285,"href":"https:\/\/ambkinshasa.esteri.it\/fr\/wp-json\/wp\/v2\/pages\/157\/revisions\/285"}],"up":[{"embeddable":true,"href":"https:\/\/ambkinshasa.esteri.it\/fr\/wp-json\/wp\/v2\/pages\/154"}],"wp:attachment":[{"href":"https:\/\/ambkinshasa.esteri.it\/fr\/wp-json\/wp\/v2\/media?parent=157"}],"curies":[{"name":"wp","href":"https:\/\/api.w.org\/{rel}","templated":true}]}}