{"id":158,"date":"2023-04-11T18:01:19","date_gmt":"2023-04-11T17:01:19","guid":{"rendered":"https:\/\/ambkinshasa.esteri.it\/chi-siamo\/gli-uffici\/"},"modified":"2025-03-19T11:26:48","modified_gmt":"2025-03-19T10:26:48","slug":"gli-uffici","status":"publish","type":"page","link":"https:\/\/ambkinshasa.esteri.it\/fr\/chi-siamo\/gli-uffici\/","title":{"rendered":"Les bureaux"},"content":{"rendered":"<p><strong>SECR\u00c9TARIAT DE L&#8217;AMBASSADEUR<\/strong><\/p>\n<p>Email : <strong><a href=\"mailto:kinshasa.segreteria@esteri.it\">kinshasa.segreteria@esteri.it<\/a><\/strong><\/p>\n<p>T\u00e9l\u00e9phone : +243 815 554 979<\/p>\n<p>Portable : +243 900 800 099<\/p>\n<p>&nbsp;<\/p>\n<p><strong>BUREAU CONSULAIRE<\/strong><\/p>\n<p>Email : <strong><a href=\"mailto:kinshasa.consolare@esteri.it\">kinshasa.consolare@esteri.it<\/a><\/strong><\/p>\n<p>T\u00e9l\u00e9phone : +243 815 553 651\/652\/654<\/p>\n<p>Horaire d&#8217;ouverture au publique du lundi au vendredi de 9h00 \u00e0 12h00 uniquement sur rendez-vous : <strong><a href=\"https:\/\/prenotami.esteri.it\">https:\/\/prenotami.esteri.it<\/a><\/strong><\/p>\n<p>&nbsp;<\/p>\n<p><strong>BUREAU LEGALISATION<\/strong><\/p>\n<p>Email : <strong><a href=\"mailto:kinshasa.legalizzazioni@esteri.it\">kinshasa.legalizzazioni@esteri.it<\/a><\/strong><\/p>\n<p>T\u00e9l\u00e9phone : +243 815 553 651\/652\/654<\/p>\n<p>Horaire d&#8217;ouverture au publique lundi et mercredi de 9h00 \u00e0 12h00 uniquement sur rendez-vous : <strong><a href=\"https:\/\/prenotami.esteri.it\">https:\/\/prenotami.esteri.it<\/a><\/strong><\/p>\n<p>&nbsp;<\/p>\n<p><strong>BUREAU VISA<\/strong><\/p>\n<p><strong><em>Temporairement ferm\u00e9<\/em><\/strong><\/p>\n<p>Email : <strong><a href=\"mailto:kinshasa.visti@esteri.it\">kinshasa.visti@esteri.it<\/a><\/strong><\/p>\n<p>T\u00e9l\u00e9phone : +243 815 553 651\/652\/654<\/p>\n<p>&nbsp;<\/p>\n<p><strong>BUREAU ADMINISTRATIVE<\/strong><\/p>\n<p>Email : <strong><a href=\"mailto:kinshasa.amministrativo@esteri.it\">kinshasa.amministrativo@esteri.it<\/a><\/strong><\/p>\n<p>T\u00e9l\u00e9phone : +243 815 553 651\/652\/654<\/p>\n<p>&nbsp;<\/p>\n<p><strong>BUREAU COMMERCIAL &#8211; OSSERVATORIO ICE<\/strong><\/p>\n<p>Email : <strong><a href=\"mailto:kinshasa.commerciale@esteri.it\">kinshasa.commerciale@esteri.it<\/a><\/strong><\/p>\n<p>Email : <strong><a href=\"mailto:kinshasa.osservatorio@esteri.it\">kinshasa.osservatorio@esteri.it<\/a><\/strong><\/p>\n<p>T\u00e9l\u00e9phone : +243 815 553 651\/652\/654<\/p>\n<p>Portable : +243 900 800 222<\/p>\n","protected":false},"excerpt":{"rendered":"SECR\u00c9TARIAT DE L&#8217;AMBASSADEUR Email : kinshasa.segreteria@esteri.it T\u00e9l\u00e9phone : +243 815 554 979 Portable : +243 900 800 099 &nbsp; BUREAU CONSULAIRE Email : kinshasa.consolare@esteri.it T\u00e9l\u00e9phone : +243 815 553 651\/652\/654 Horaire d&#8217;ouverture au publique du lundi au vendredi de 9h00 \u00e0 12h00 uniquement sur rendez-vous : https:\/\/prenotami.esteri.it &nbsp; BUREAU LEGALISATION Email : kinshasa.legalizzazioni@esteri.it T\u00e9l\u00e9phone : [&hellip;]","protected":false},"author":1,"featured_media":0,"parent":154,"menu_order":4,"comment_status":"closed","ping_status":"closed","template":"","meta":{"footnotes":""},"class_list":["post-158","page","type-page","status-publish","hentry"],"_links":{"self":[{"href":"https:\/\/ambkinshasa.esteri.it\/fr\/wp-json\/wp\/v2\/pages\/158","targetHints":{"allow":["GET"]}}],"collection":[{"href":"https:\/\/ambkinshasa.esteri.it\/fr\/wp-json\/wp\/v2\/pages"}],"about":[{"href":"https:\/\/ambkinshasa.esteri.it\/fr\/wp-json\/wp\/v2\/types\/page"}],"author":[{"embeddable":true,"href":"https:\/\/ambkinshasa.esteri.it\/fr\/wp-json\/wp\/v2\/users\/1"}],"replies":[{"embeddable":true,"href":"https:\/\/ambkinshasa.esteri.it\/fr\/wp-json\/wp\/v2\/comments?post=158"}],"version-history":[{"count":6,"href":"https:\/\/ambkinshasa.esteri.it\/fr\/wp-json\/wp\/v2\/pages\/158\/revisions"}],"predecessor-version":[{"id":2579,"href":"https:\/\/ambkinshasa.esteri.it\/fr\/wp-json\/wp\/v2\/pages\/158\/revisions\/2579"}],"up":[{"embeddable":true,"href":"https:\/\/ambkinshasa.esteri.it\/fr\/wp-json\/wp\/v2\/pages\/154"}],"wp:attachment":[{"href":"https:\/\/ambkinshasa.esteri.it\/fr\/wp-json\/wp\/v2\/media?parent=158"}],"curies":[{"name":"wp","href":"https:\/\/api.w.org\/{rel}","templated":true}]}}