{"id":172,"date":"2023-04-11T17:08:57","date_gmt":"2023-04-11T16:08:57","guid":{"rendered":"https:\/\/ambkinshasa.esteri.it\/servizi-consolari-e-visti\/"},"modified":"2024-01-18T11:55:36","modified_gmt":"2024-01-18T10:55:36","slug":"servizi-consolari-e-visti","status":"publish","type":"page","link":"https:\/\/ambkinshasa.esteri.it\/fr\/servizi-consolari-e-visti\/","title":{"rendered":"Services consulaires et visas"},"content":{"rendered":"<p><strong><a href=\"https:\/\/www.esteri.it\/it\/servizi-consolari-e-visti\/\">Tous les d\u00e9tails sur les services consulaires fournis sont \u00e9galement disponibles sur le site Internet du minist\u00e8re des Affaires \u00e9trang\u00e8res.<\/a><\/strong><\/p>\n<p>Les informations sur les horaires d&#8217;accueil du Registre Consulaire peuvent \u00eatre consult\u00e9es sur la page Contact.<\/p>\n<p>Les services consulaires sont fournis selon les principes d&#8217;\u00e9galit\u00e9, d&#8217;impartialit\u00e9, d&#8217;efficacit\u00e9 et de transparence. L&#8217;exercice de certains droits et l&#8217;acc\u00e8s \u00e0 certains services sont limit\u00e9s uniquement aux Italiens inscrits au Registre des Italiens r\u00e9sidant \u00e0 l&#8217;\u00e9tranger (AIRE), <strong>obligatoire selon la loi no. 470 de 1988.<\/strong><\/p>\n<p>Pour faciliter la navigation, nous avons divis\u00e9 les diff\u00e9rents services propos\u00e9s en deux sections, celles destin\u00e9es aux citoyens italiens et celles destin\u00e9es aux citoyens \u00e9trangers. Chaque \u00e9l\u00e9ment de menu contient des informations utiles pour demander des services sp\u00e9cifiques.<\/p>\n<p>Pour toute information compl\u00e9mentaire, veuillez nous contacter \u00e0 l&#8217;adresse email <strong><a href=\"mailto:kinshasa.consolare@esteri.it\">kinshasa.consolare@esteri.it<\/a><\/strong>.<\/p>\n","protected":false},"excerpt":{"rendered":"Tous les d\u00e9tails sur les services consulaires fournis sont \u00e9galement disponibles sur le site Internet du minist\u00e8re des Affaires \u00e9trang\u00e8res. Les informations sur les horaires d&#8217;accueil du Registre Consulaire peuvent \u00eatre consult\u00e9es sur la page Contact. Les services consulaires sont fournis selon les principes d&#8217;\u00e9galit\u00e9, d&#8217;impartialit\u00e9, d&#8217;efficacit\u00e9 et de transparence. L&#8217;exercice de certains droits et [&hellip;]","protected":false},"author":1,"featured_media":0,"parent":0,"menu_order":6,"comment_status":"closed","ping_status":"closed","template":"","meta":{"footnotes":""},"class_list":["post-172","page","type-page","status-publish","hentry"],"_links":{"self":[{"href":"https:\/\/ambkinshasa.esteri.it\/fr\/wp-json\/wp\/v2\/pages\/172","targetHints":{"allow":["GET"]}}],"collection":[{"href":"https:\/\/ambkinshasa.esteri.it\/fr\/wp-json\/wp\/v2\/pages"}],"about":[{"href":"https:\/\/ambkinshasa.esteri.it\/fr\/wp-json\/wp\/v2\/types\/page"}],"author":[{"embeddable":true,"href":"https:\/\/ambkinshasa.esteri.it\/fr\/wp-json\/wp\/v2\/users\/1"}],"replies":[{"embeddable":true,"href":"https:\/\/ambkinshasa.esteri.it\/fr\/wp-json\/wp\/v2\/comments?post=172"}],"version-history":[{"count":2,"href":"https:\/\/ambkinshasa.esteri.it\/fr\/wp-json\/wp\/v2\/pages\/172\/revisions"}],"predecessor-version":[{"id":1485,"href":"https:\/\/ambkinshasa.esteri.it\/fr\/wp-json\/wp\/v2\/pages\/172\/revisions\/1485"}],"wp:attachment":[{"href":"https:\/\/ambkinshasa.esteri.it\/fr\/wp-json\/wp\/v2\/media?parent=172"}],"curies":[{"name":"wp","href":"https:\/\/api.w.org\/{rel}","templated":true}]}}