{"id":186,"date":"2023-04-11T18:12:44","date_gmt":"2023-04-11T17:12:44","guid":{"rendered":"https:\/\/ambkinshasa.esteri.it\/servizi-consolari-e-visti\/servizi-per-il-cittadino-straniero\/"},"modified":"2023-11-14T12:04:08","modified_gmt":"2023-11-14T11:04:08","slug":"servizi-per-il-cittadino-straniero","status":"publish","type":"page","link":"https:\/\/ambkinshasa.esteri.it\/fr\/servizi-consolari-e-visti\/servizi-per-il-cittadino-straniero\/","title":{"rendered":"Services aux citoyens \u00e9trangers"},"content":{"rendered":"<p><strong>AVIS : SUSPENSION TEMPORAIRE DE LA D\u00c9LIVRANCE DES VISAS<\/strong><\/p>\n<p>Nous vous informons que le service de d\u00e9livrance de visas \u00e0 l&#8217;Ambassade d&#8217;Italie \u00e0 Kinshasa est temporairement suspendu.<\/p>\n<p>Concernant les demandes de visa long s\u00e9jour, il sera toujours possible de d\u00e9poser votre demande \u00e0 l&#8217;Ambassade d&#8217;Italie \u00e0 Brazzaville (r\u00e9f :\u00a0<strong><a href=\"mailto:visti.brazzaville@esteri.it\">visti.brazzaville@esteri.it<\/a><\/strong>).<\/p>\n<p>Concernant les visas Schengen de court s\u00e9jour, la proc\u00e9dure de demande ordinaire au CEV (Centre Europ\u00e9en des Visas) \u00e0 Kinshasa reste active (r\u00e9f :\u00a0<strong><a href=\"https:\/\/www.cev-kin.eu\/fr\">https:\/\/www.cev-kin.eu\/fr<\/a><\/strong>).<\/p>\n","protected":false},"excerpt":{"rendered":"AVIS : SUSPENSION TEMPORAIRE DE LA D\u00c9LIVRANCE DES VISAS Nous vous informons que le service de d\u00e9livrance de visas \u00e0 l&#8217;Ambassade d&#8217;Italie \u00e0 Kinshasa est temporairement suspendu. Concernant les demandes de visa long s\u00e9jour, il sera toujours possible de d\u00e9poser votre demande \u00e0 l&#8217;Ambassade d&#8217;Italie \u00e0 Brazzaville (r\u00e9f :\u00a0visti.brazzaville@esteri.it). Concernant les visas Schengen de court [&hellip;]","protected":false},"author":1,"featured_media":0,"parent":172,"menu_order":2,"comment_status":"closed","ping_status":"closed","template":"","meta":{"footnotes":""},"class_list":["post-186","page","type-page","status-publish","hentry"],"_links":{"self":[{"href":"https:\/\/ambkinshasa.esteri.it\/fr\/wp-json\/wp\/v2\/pages\/186","targetHints":{"allow":["GET"]}}],"collection":[{"href":"https:\/\/ambkinshasa.esteri.it\/fr\/wp-json\/wp\/v2\/pages"}],"about":[{"href":"https:\/\/ambkinshasa.esteri.it\/fr\/wp-json\/wp\/v2\/types\/page"}],"author":[{"embeddable":true,"href":"https:\/\/ambkinshasa.esteri.it\/fr\/wp-json\/wp\/v2\/users\/1"}],"replies":[{"embeddable":true,"href":"https:\/\/ambkinshasa.esteri.it\/fr\/wp-json\/wp\/v2\/comments?post=186"}],"version-history":[{"count":2,"href":"https:\/\/ambkinshasa.esteri.it\/fr\/wp-json\/wp\/v2\/pages\/186\/revisions"}],"predecessor-version":[{"id":297,"href":"https:\/\/ambkinshasa.esteri.it\/fr\/wp-json\/wp\/v2\/pages\/186\/revisions\/297"}],"up":[{"embeddable":true,"href":"https:\/\/ambkinshasa.esteri.it\/fr\/wp-json\/wp\/v2\/pages\/172"}],"wp:attachment":[{"href":"https:\/\/ambkinshasa.esteri.it\/fr\/wp-json\/wp\/v2\/media?parent=186"}],"curies":[{"name":"wp","href":"https:\/\/api.w.org\/{rel}","templated":true}]}}