{"id":1868,"date":"2024-04-03T12:13:43","date_gmt":"2024-04-03T11:13:43","guid":{"rendered":"https:\/\/ambkinshasa.esteri.it\/eurasia-auditions-en-tournee-en-republique-democratique-du-congo-2024\/"},"modified":"2024-04-04T12:35:59","modified_gmt":"2024-04-04T11:35:59","slug":"eurasia-auditions-en-tournee-en-republique-democratique-du-congo-2024","status":"publish","type":"page","link":"https:\/\/ambkinshasa.esteri.it\/fr\/italia-e-repubblica-democratica-del-congo\/diplomazia-culturale\/eventi\/eurasia-auditions-en-tournee-en-republique-democratique-du-congo-2024\/","title":{"rendered":"EURASIA AUDITIONS EN TOURN\u00c9E EN R\u00c9PUBLIQUE D\u00c9MOCRATIQUE DU CONGO 2024"},"content":{"rendered":"<p><img loading=\"lazy\" decoding=\"async\" class=\"size-medium wp-image-1864 img-fluid alignleft\" src=\"https:\/\/ambkinshasa.esteri.it\/wp-content\/uploads\/2024\/04\/eurasia-300x300.jpeg\" alt=\"\" width=\"300\" height=\"300\" srcset=\"https:\/\/ambkinshasa.esteri.it\/wp-content\/uploads\/2024\/04\/eurasia-300x300.jpeg 300w, https:\/\/ambkinshasa.esteri.it\/wp-content\/uploads\/2024\/04\/eurasia-150x150.jpeg 150w, https:\/\/ambkinshasa.esteri.it\/wp-content\/uploads\/2024\/04\/eurasia-768x768.jpeg 768w, https:\/\/ambkinshasa.esteri.it\/wp-content\/uploads\/2024\/04\/eurasia.jpeg 787w\" sizes=\"auto, (max-width: 300px) 100vw, 300px\" \/><\/p>\n<p style=\"text-align: justify;\">Les EurAsia Auditions On Tour en R\u00e9publique D\u00e9mocratique du Congo sont organis\u00e9es par EurAsia Dance Project International Network, dirig\u00e9es par Stefano Fardelli, et soutenues par l\u2019Ambassade d\u2019Italie \u00e0 Kinshasa.<br \/>\nAu cours de la tourn\u00e9e des Auditions EurAsia, Stefano Fardelli s\u00e9lectionnera des \u00e9tudiants en danse contemporaine et urbaine pour int\u00e9grer un programme professionnel, avec un dipl\u00f4me internationalement reconnu, \u00e0 la DanceHaus Accademia Susanna Beltrami (Italie), la Contemporary Dance School Hamburg (Allemagne), la DanceHaus Hip Hop Department Academy (Italie), la Tanzakademie Balance1 (Allemagne), en Europe.<br \/>\nTous les laur\u00e9ats des auditions recevront une bourse EurAsia de 25 % \u2013 50 % \u2013 80 % pour les trois ann\u00e9es de formation professionnelle et feront partie du r\u00e9seau en tant qu\u2019\u00e9tudiants EurAsia dans un premier temps et en tant que danseurs professionnels apr\u00e8s l\u2019obtention de leur dipl\u00f4me.<br \/>\nLa valeur totale des bourses, qui seront apport\u00e9es \u00e0 la R\u00e9publique d\u00e9mocratique du Congo en mars 2024, s\u2019\u00e9l\u00e8ve \u00e0 200.000,00 euros : Stefano Fardelli n\u2019est pas oblig\u00e9 de remettre toutes les bourses, mais il ne r\u00e9compensera que les \u00e9tudiants qui sont pr\u00eats pour cette opportunit\u00e9 jusqu\u2019\u00e0 atteindre le montant maximum indiqu\u00e9 ci-dessus.<br \/>\nCOMMENCEZ VOTRE VOYAGE PROFESSIONNEL AVEC EURASIA<\/p>\n<p style=\"text-align: justify;\">REJOIGNEZ-NOUS : <a href=\"http:\/\/www.eurasiadanceproject.com\"><strong>www.eurasiadanceproject.com<\/strong><\/a> WhatsApp : <strong>+39 3394424771<\/strong><\/p>\n<p style=\"text-align: justify;\">PLUS D\u2019INFO : <a href=\"mailto:eurasia@eurasiadanceproject.com\"><strong>eurasia@eurasiadanceproject.com<\/strong><\/a><\/p>\n<p style=\"text-align: justify;\">RESTE CONNECTE enregistre toi \u00e0 la newsletter gratuite ici : <a href=\"http:\/\/eepurl.com\/dApwNP\"><strong>http:\/\/eepurl.com\/dApwNP<\/strong><\/a><\/p>\n<p style=\"text-align: justify;\">AUDITIONS : Centre Wallonie Bruxelles les 3 et 4 avril 2024, de 8h30 \u00e0 13h30.<\/p>\n<p>SPECTACLES DE DANSE : Centre Wallonie Bruxelles le 5 avril 2024, \u00e0 partir de 19h<\/p>\n<p><img loading=\"lazy\" decoding=\"async\" class=\"alignnone size-medium wp-image-1915 img-fluid\" src=\"https:\/\/ambkinshasa.esteri.it\/wp-content\/uploads\/2024\/04\/eurasia2-300x300.jpeg\" alt=\"\" width=\"300\" height=\"300\" srcset=\"https:\/\/ambkinshasa.esteri.it\/wp-content\/uploads\/2024\/04\/eurasia2-300x300.jpeg 300w, https:\/\/ambkinshasa.esteri.it\/wp-content\/uploads\/2024\/04\/eurasia2-150x150.jpeg 150w, https:\/\/ambkinshasa.esteri.it\/wp-content\/uploads\/2024\/04\/eurasia2.jpeg 762w\" sizes=\"auto, (max-width: 300px) 100vw, 300px\" \/><\/p>\n<p style=\"text-align: justify;\"><strong>OMMANIPADMEHUM<\/strong> de Stefano Fardelli, qui fait partie de l&#8217;annuaire EurAsia. La pi\u00e8ce est dans\u00e9e par E.D.C. \u2013 Compagnie de danse EurAsia.<\/p>\n<p style=\"text-align: justify;\">Le spectacle sera pr\u00e9c\u00e9d\u00e9 d&#8217;une conf\u00e9rence de presse et de la pr\u00e9sentation de la tourn\u00e9e du r\u00e9seau international EurAsia Dance Project en R\u00e9publique D\u00e9mocratique du Congo.<br \/>\nLa tourn\u00e9e en R\u00e9publique D\u00e9mocratique du Congo est organis\u00e9e par EurAsia Dance Project International Network en collaboration avec le partenaire EurAsia DANCEHAUSpi\u00fa de Milan, avec le soutien de l&#8217;Ambassade d&#8217;Italie \u00e0 Kinshasa.<br \/>\nOM-MANI-PADME-HUM, qui signifie litt\u00e9ralement \u00ab honorer le joyau du lotus \u00bb en sanskrit, se concentre sur l&#8217;histoire et les rituels des bouddhistes tib\u00e9tains de l&#8217;ordre du Chapeau Jaune, notamment leurs liens avec les moines Shaolin et donc sur l&#8217;\u00e9tude de leurs entra\u00eenement. L&#8217;id\u00e9e de ce nouveau projet est n\u00e9e de la n\u00e9cessit\u00e9 de poursuivre l&#8217;exploration et l&#8217;approfondissement du lien entre spiritualit\u00e9 et rituel \u00e0 travers le mouvement, d\u00e9j\u00e0 commenc\u00e9 avec le pr\u00e9c\u00e9dent soliste NAMU : le mot sanskrit namu &#8211; ou namas &#8211; signifie \u00ab d\u00e9votion \u00bb.<\/p>\n<p style=\"text-align: justify;\">Tout au long de la p\u00e9riode de cr\u00e9ation, les danseurs de la compagnie se sont entra\u00een\u00e9s aupr\u00e8s des moines Shaolin, \u00e9tudiant leurs techniques de m\u00e9ditation et de combat. L&#8217;\u00e9tape suivante a consist\u00e9 \u00e0 traduire, \u00e0 travers un \u00ab code contemporain \u00bb, leurs s\u00e9quences et mouvements en les pla\u00e7ant dans l&#8217;espace et en les rendant abstraits, pr\u00e9servant ainsi leur essence et les rendant fonctionnels \u00e0 la mise en sc\u00e8ne. La m\u00eame proc\u00e9dure a \u00e9t\u00e9 suivie pour la cr\u00e9ation des costumes et de l&#8217;ambiance du spectacle.<br \/>\nLes rencontres avec des moines bouddhistes et des \u00e9tudiants en arts martiaux, l&#8217;\u00e9tude de leurs pratiques et c\u00e9r\u00e9monies sont \u00e0 la base de la chor\u00e9graphie. Lorsque la cloche sonne, le rituel commence, les danseurs entrent dans ce qui pourrait \u00eatre un temple et nous transportent dans une autre dimension et un autre lieu, accompagn\u00e9s par la musique originale de Francesco Ziello.<br \/>\nLes chapeaux, les manteaux, le soleil, symbole du divin, et l&#8217;or des temples sont souvent rendus abstraits par une utilisation architecturale aseptis\u00e9e de l&#8217;espace et par une musique \u00e0 cordes ou orchestrale qui cr\u00e9e des contrastes entre images orientales et sons occidentaux.<br \/>\nBref, une distribution multiculturelle qui traduit les mouvements des moines Shaolin avec diff\u00e9rentes nuances qui r\u00e9v\u00e8lent les origines des diff\u00e9rents danseurs et donc une qualit\u00e9 de mouvement li\u00e9e aux danses traditionnelles des interpr\u00e8tes qui influencent et donnent du caract\u00e8re \u00e0 l&#8217;ensemble de la pi\u00e8ce.<\/p>\n<p>CHOR\u00c9GRAPHIE : Stefano Fardelli<\/p>\n<p>DANSEURS : Jesus Rea (Bolivie), Marco Hern\u00e1ndez (Mexique)<\/p>\n<p>MUSIQUE ORIGINALE : Francesco Ziello<\/p>\n<p>MUSIQUE : 10 Pr\u00e9ludes Op. 23 de Serjei Rachmaninov, Concerto pour violoncelle et cordes de Dobrinka Tabakova, Le Clavier bien temp\u00e9r\u00e9 livre 1 de Jean-S\u00e9bastien Bach, Des chemins si diff\u00e9rents de Dobrinka Tabakova<\/p>\n<p>COSTUME: Marco Hern\u00e1ndez | De la Croix<\/p>\n<p>VID\u00c9OGRAPHE : Salvatore Lazzaro<\/p>\n<p>ARTISTE VISUEL: Matteo Bittante<\/p>\n<p>PHOTOGRAPHIE : Salvatore Lazzaro et Antonino Dimondo<\/p>\n<p><img loading=\"lazy\" decoding=\"async\" class=\"alignnone size-medium wp-image-1912 img-fluid\" src=\"https:\/\/ambkinshasa.esteri.it\/wp-content\/uploads\/2024\/04\/eurasia1-1-300x300.jpeg\" alt=\"\" width=\"300\" height=\"300\" srcset=\"https:\/\/ambkinshasa.esteri.it\/wp-content\/uploads\/2024\/04\/eurasia1-1-300x300.jpeg 300w, https:\/\/ambkinshasa.esteri.it\/wp-content\/uploads\/2024\/04\/eurasia1-1-150x150.jpeg 150w, https:\/\/ambkinshasa.esteri.it\/wp-content\/uploads\/2024\/04\/eurasia1-1.jpeg 762w\" sizes=\"auto, (max-width: 300px) 100vw, 300px\" \/><\/p>\n<p><strong>SVARUPA &amp; VYAKTA<\/strong> de Stefano Fardelli, fait partie de l&#8217;annuaire EurAsia.<br \/>\nLa pi\u00e8ce est dans\u00e9e par E.D.C. \u2013 Compagnie de danse EurAsia.<\/p>\n<p>Le spectacle sera pr\u00e9c\u00e9d\u00e9 \u00e0 18h00 d&#8217;une conf\u00e9rence de presse de pr\u00e9sentation de la tourn\u00e9e internationale du r\u00e9seau EurAsia Dance Project en R\u00e9publique D\u00e9mocratique du Congo organis\u00e9e par EurAsia Dance Project International Network en collaboration avec le partenaire EurAsia DANCEHAUSpi\u00fa&#8217; de Milan, Italie, et avec le soutien de l&#8217;Ambassade d&#8217;Italie \u00e0 Kinshasa.<br \/>\nSvarupa \u2013 vyakta est un solo inspir\u00e9 d&#8217;un voyage en Inde et signifie \u00ab Soi \u00bb en sanscrit de deux mani\u00e8res diff\u00e9rentes, tout comme la dialectique qui se cr\u00e9e entre les danseurs et les cinq ballons du corps, qui repr\u00e9sentent la projection du \u00ab Soi \u00bb dans une autre dimension.<br \/>\nLe duo sera pr\u00e9sent\u00e9 en deuxi\u00e8me partie de soir\u00e9e, apr\u00e8s la premi\u00e8re de OMMANIPADMEHUM.<br \/>\nSvarupa-vyakta est une pi\u00e8ce historique du r\u00e9pertoire de Stefano Fardelli, un solo tr\u00e8s r\u00e9ussi qui a fait le tour du monde entre 2014 et 2019, dans\u00e9 par Stefano Fardelli lui-m\u00eame, et qui est \u00e0 nouveau mis en sc\u00e8ne en duo, avec le nouveau titre Svarupa &amp; Vyakta.<\/p>\n<p>DANSEURS : Marco Hern\u00e1ndez (Mexique), Jesus Rea (Bolivie).<\/p>\n","protected":false},"excerpt":{"rendered":"Les EurAsia Auditions On Tour en R\u00e9publique D\u00e9mocratique du Congo sont organis\u00e9es par EurAsia Dance Project International Network, dirig\u00e9es par Stefano Fardelli, et soutenues par l\u2019Ambassade d\u2019Italie \u00e0 Kinshasa. Au cours de la tourn\u00e9e des Auditions EurAsia, Stefano Fardelli s\u00e9lectionnera des \u00e9tudiants en danse contemporaine et urbaine pour int\u00e9grer un programme professionnel, avec un dipl\u00f4me [&hellip;]","protected":false},"author":4,"featured_media":0,"parent":1894,"menu_order":0,"comment_status":"closed","ping_status":"closed","template":"","meta":{"footnotes":""},"class_list":["post-1868","page","type-page","status-publish","hentry"],"_links":{"self":[{"href":"https:\/\/ambkinshasa.esteri.it\/fr\/wp-json\/wp\/v2\/pages\/1868","targetHints":{"allow":["GET"]}}],"collection":[{"href":"https:\/\/ambkinshasa.esteri.it\/fr\/wp-json\/wp\/v2\/pages"}],"about":[{"href":"https:\/\/ambkinshasa.esteri.it\/fr\/wp-json\/wp\/v2\/types\/page"}],"author":[{"embeddable":true,"href":"https:\/\/ambkinshasa.esteri.it\/fr\/wp-json\/wp\/v2\/users\/4"}],"replies":[{"embeddable":true,"href":"https:\/\/ambkinshasa.esteri.it\/fr\/wp-json\/wp\/v2\/comments?post=1868"}],"version-history":[{"count":6,"href":"https:\/\/ambkinshasa.esteri.it\/fr\/wp-json\/wp\/v2\/pages\/1868\/revisions"}],"predecessor-version":[{"id":1927,"href":"https:\/\/ambkinshasa.esteri.it\/fr\/wp-json\/wp\/v2\/pages\/1868\/revisions\/1927"}],"up":[{"embeddable":true,"href":"https:\/\/ambkinshasa.esteri.it\/fr\/wp-json\/wp\/v2\/pages\/1894"}],"wp:attachment":[{"href":"https:\/\/ambkinshasa.esteri.it\/fr\/wp-json\/wp\/v2\/media?parent=1868"}],"curies":[{"name":"wp","href":"https:\/\/api.w.org\/{rel}","templated":true}]}}