{"id":187,"date":"2023-04-11T18:22:07","date_gmt":"2023-04-11T17:22:07","guid":{"rendered":"https:\/\/ambkinshasa.esteri.it\/servizi-consolari-e-visti\/servizi-per-il-cittadino-straniero\/visti\/"},"modified":"2023-10-02T09:19:08","modified_gmt":"2023-10-02T08:19:08","slug":"visti","status":"publish","type":"page","link":"https:\/\/ambkinshasa.esteri.it\/fr\/servizi-consolari-e-visti\/servizi-per-il-cittadino-straniero\/visti\/","title":{"rendered":"Visas"},"content":{"rendered":"<p>L&#8217;Ambassade d&#8217;Italie en R\u00e9publique d\u00e9mocratique du Congo fournit \u00e9galement des services aux citoyens \u00e9trangers. Celles-ci comprennent la d\u00e9livrance de visas d&#8217;entr\u00e9e en Italie et dans l&#8217;espace Schengen, la d\u00e9livrance de documents administratifs tels que la l\u00e9galisation de documents, la certification d&#8217;existence et la conformit\u00e9 des traductions de documents.<\/p>\n<p>Si vous avez l&#8217;intention de voyager en Italie, vous devez suivre quelques \u00e9tapes.<\/p>\n<p>Consultez d&#8217;abord le site\u00a0<strong>&#8220;<a href=\"https:\/\/vistoperitalia.esteri.it\/home\/it\">Visto per l&#8217;Italia<\/a>&#8220;<\/strong>\u00a0pour savoir si vous avez besoin d&#8217;un visa.<\/p>\n<p>Si vous devez demander un visa, vous devrez prendre rendez-vous avec le bureau des visas en vous connectant au portail\u00a0<a href=\"https:\/\/prenotami.esteri.it\/\"><strong>Prenot@Mi<\/strong><\/a>, en cr\u00e9ant un compte et en prenant rendez-vous en fonction du type de visa pour la premi\u00e8re date disponible. Sur le lien suivant, vous trouverez un\u00a0<a href=\"https:\/\/ambkinshasa.esteri.it\/ambasciata_kinshasa\/fr\/informazioni_e_servizi\/visti\/guida-prenotazione-appuntamento.html\">guide de r\u00e9servation<\/a><\/p>\n<p>Avant de vous rendre au rendez-vous, assurez-vous d&#8217;avoir tous les documents n\u00e9cessaires \u00e0 joindre \u00e0 la demande.<\/p>\n<p>Consultez\u00a0<a href=\"https:\/\/ambkinshasa.esteri.it\/ambasciata_kinshasa\/fr\/informazioni_e_servizi\/visti\/requisiti-e-modulistica.html\"><strong>ici<\/strong><\/a>\u00a0la liste des documents requis pour chaque type de visa.<\/p>\n<p>Bon voyage en Italie !<\/p>\n","protected":false},"excerpt":{"rendered":"L&#8217;Ambassade d&#8217;Italie en R\u00e9publique d\u00e9mocratique du Congo fournit \u00e9galement des services aux citoyens \u00e9trangers. Celles-ci comprennent la d\u00e9livrance de visas d&#8217;entr\u00e9e en Italie et dans l&#8217;espace Schengen, la d\u00e9livrance de documents administratifs tels que la l\u00e9galisation de documents, la certification d&#8217;existence et la conformit\u00e9 des traductions de documents. Si vous avez l&#8217;intention de voyager en [&hellip;]","protected":false},"author":1,"featured_media":0,"parent":186,"menu_order":0,"comment_status":"closed","ping_status":"closed","template":"","meta":{"footnotes":""},"class_list":["post-187","page","type-page","status-publish","hentry"],"_links":{"self":[{"href":"https:\/\/ambkinshasa.esteri.it\/fr\/wp-json\/wp\/v2\/pages\/187","targetHints":{"allow":["GET"]}}],"collection":[{"href":"https:\/\/ambkinshasa.esteri.it\/fr\/wp-json\/wp\/v2\/pages"}],"about":[{"href":"https:\/\/ambkinshasa.esteri.it\/fr\/wp-json\/wp\/v2\/types\/page"}],"author":[{"embeddable":true,"href":"https:\/\/ambkinshasa.esteri.it\/fr\/wp-json\/wp\/v2\/users\/1"}],"replies":[{"embeddable":true,"href":"https:\/\/ambkinshasa.esteri.it\/fr\/wp-json\/wp\/v2\/comments?post=187"}],"version-history":[{"count":2,"href":"https:\/\/ambkinshasa.esteri.it\/fr\/wp-json\/wp\/v2\/pages\/187\/revisions"}],"predecessor-version":[{"id":236,"href":"https:\/\/ambkinshasa.esteri.it\/fr\/wp-json\/wp\/v2\/pages\/187\/revisions\/236"}],"up":[{"embeddable":true,"href":"https:\/\/ambkinshasa.esteri.it\/fr\/wp-json\/wp\/v2\/pages\/186"}],"wp:attachment":[{"href":"https:\/\/ambkinshasa.esteri.it\/fr\/wp-json\/wp\/v2\/media?parent=187"}],"curies":[{"name":"wp","href":"https:\/\/api.w.org\/{rel}","templated":true}]}}