{"id":1894,"date":"2024-04-03T12:12:13","date_gmt":"2024-04-03T11:12:13","guid":{"rendered":"https:\/\/ambkinshasa.esteri.it\/italia-e-repubblica-democratica-del-congo\/diplomazia-culturale\/eventi\/"},"modified":"2024-04-03T13:18:28","modified_gmt":"2024-04-03T12:18:28","slug":"eventi","status":"publish","type":"page","link":"https:\/\/ambkinshasa.esteri.it\/fr\/italia-e-repubblica-democratica-del-congo\/diplomazia-culturale\/eventi\/","title":{"rendered":"Ev\u00e9nements"},"content":{"rendered":"<ul>\n<li>2024\/04 &#8211; <strong><a href=\"https:\/\/ambkinshasa.esteri.it\/fr\/italia-e-repubblica-democratica-del-congo\/diplomazia-culturale\/eventi\/eurasia-auditions-en-tournee-en-republique-democratique-du-congo-2024\/\">EURASIA AUDITIONS EN TOURN\u00c9E EN R\u00c9PUBLIQUE D\u00c9MOCRATIQUE DU CONGO 2024<\/a><\/strong><\/li>\n<\/ul>\n","protected":false},"excerpt":{"rendered":"2024\/04 &#8211; EURASIA AUDITIONS EN TOURN\u00c9E EN R\u00c9PUBLIQUE D\u00c9MOCRATIQUE DU CONGO 2024","protected":false},"author":4,"featured_media":0,"parent":165,"menu_order":0,"comment_status":"closed","ping_status":"closed","template":"","meta":{"footnotes":""},"class_list":["post-1894","page","type-page","status-publish","hentry"],"_links":{"self":[{"href":"https:\/\/ambkinshasa.esteri.it\/fr\/wp-json\/wp\/v2\/pages\/1894","targetHints":{"allow":["GET"]}}],"collection":[{"href":"https:\/\/ambkinshasa.esteri.it\/fr\/wp-json\/wp\/v2\/pages"}],"about":[{"href":"https:\/\/ambkinshasa.esteri.it\/fr\/wp-json\/wp\/v2\/types\/page"}],"author":[{"embeddable":true,"href":"https:\/\/ambkinshasa.esteri.it\/fr\/wp-json\/wp\/v2\/users\/4"}],"replies":[{"embeddable":true,"href":"https:\/\/ambkinshasa.esteri.it\/fr\/wp-json\/wp\/v2\/comments?post=1894"}],"version-history":[{"count":2,"href":"https:\/\/ambkinshasa.esteri.it\/fr\/wp-json\/wp\/v2\/pages\/1894\/revisions"}],"predecessor-version":[{"id":1898,"href":"https:\/\/ambkinshasa.esteri.it\/fr\/wp-json\/wp\/v2\/pages\/1894\/revisions\/1898"}],"up":[{"embeddable":true,"href":"https:\/\/ambkinshasa.esteri.it\/fr\/wp-json\/wp\/v2\/pages\/165"}],"wp:attachment":[{"href":"https:\/\/ambkinshasa.esteri.it\/fr\/wp-json\/wp\/v2\/media?parent=1894"}],"curies":[{"name":"wp","href":"https:\/\/api.w.org\/{rel}","templated":true}]}}