{"id":2080,"date":"2024-06-21T12:43:34","date_gmt":"2024-06-21T11:43:34","guid":{"rendered":"https:\/\/ambkinshasa.esteri.it\/servizi-consolari-e-visti\/servizi-per-il-cittadino-straniero\/traduzione-e-legalizzazione-dei-documenti\/lista-traduttori\/"},"modified":"2025-06-12T13:20:10","modified_gmt":"2025-06-12T12:20:10","slug":"lista-traduttori","status":"publish","type":"page","link":"https:\/\/ambkinshasa.esteri.it\/fr\/servizi-consolari-e-visti\/servizi-per-il-cittadino-straniero\/traduzione-e-legalizzazione-dei-documenti\/lista-traduttori\/","title":{"rendered":"Liste des traducteurs"},"content":{"rendered":"<p>Afin de faciliter la recherche de bureaux de traduction, voici une liste non exhaustive de traducteurs asserment\u00e9s reconnus par cette Ambassade :<\/p>\n<p>&nbsp;<\/p>\n<p><strong>Sig. Val\u00e8re Bakudila<\/strong><\/p>\n<p>Centro Orientamento Educativo (COE)<\/p>\n<p>tel: +243 819 919 812<\/p>\n<p>adresse: 28, Avenue du Grand S\u00e9minaire Q\/Righini C\/Lemba<\/p>\n<p><strong>Sig. Florent Gimagesa<\/strong><\/p>\n<p>Bureau de Traduction \u2013 Bureautique de la Mongala<\/p>\n<p>tel: +243 998 202 363\u00a0 \u00a0+243 812 854 441<\/p>\n<p>adresse: 10, Avenue Ambassadeur Luca Attansaio C\/Gombe<\/p>\n<p><strong>Sig.ra Lucrezia Romano<\/strong><\/p>\n<p>tel: +243 826 021 132<\/p>\n","protected":false},"excerpt":{"rendered":"Afin de faciliter la recherche de bureaux de traduction, voici une liste non exhaustive de traducteurs asserment\u00e9s reconnus par cette Ambassade : &nbsp; Sig. Val\u00e8re Bakudila Centro Orientamento Educativo (COE) tel: +243 819 919 812 adresse: 28, Avenue du Grand S\u00e9minaire Q\/Righini C\/Lemba Sig. Florent Gimagesa Bureau de Traduction \u2013 Bureautique de la Mongala tel: [&hellip;]","protected":false},"author":4,"featured_media":0,"parent":189,"menu_order":0,"comment_status":"closed","ping_status":"closed","template":"","meta":{"footnotes":""},"class_list":["post-2080","page","type-page","status-publish","hentry"],"_links":{"self":[{"href":"https:\/\/ambkinshasa.esteri.it\/fr\/wp-json\/wp\/v2\/pages\/2080","targetHints":{"allow":["GET"]}}],"collection":[{"href":"https:\/\/ambkinshasa.esteri.it\/fr\/wp-json\/wp\/v2\/pages"}],"about":[{"href":"https:\/\/ambkinshasa.esteri.it\/fr\/wp-json\/wp\/v2\/types\/page"}],"author":[{"embeddable":true,"href":"https:\/\/ambkinshasa.esteri.it\/fr\/wp-json\/wp\/v2\/users\/4"}],"replies":[{"embeddable":true,"href":"https:\/\/ambkinshasa.esteri.it\/fr\/wp-json\/wp\/v2\/comments?post=2080"}],"version-history":[{"count":6,"href":"https:\/\/ambkinshasa.esteri.it\/fr\/wp-json\/wp\/v2\/pages\/2080\/revisions"}],"predecessor-version":[{"id":2663,"href":"https:\/\/ambkinshasa.esteri.it\/fr\/wp-json\/wp\/v2\/pages\/2080\/revisions\/2663"}],"up":[{"embeddable":true,"href":"https:\/\/ambkinshasa.esteri.it\/fr\/wp-json\/wp\/v2\/pages\/189"}],"wp:attachment":[{"href":"https:\/\/ambkinshasa.esteri.it\/fr\/wp-json\/wp\/v2\/media?parent=2080"}],"curies":[{"name":"wp","href":"https:\/\/api.w.org\/{rel}","templated":true}]}}