{"id":13,"date":"2023-04-11T17:07:36","date_gmt":"2023-04-11T15:07:36","guid":{"rendered":"https:\/\/ambasciatapraga.esteri.it\/?page_id=13"},"modified":"2024-01-18T12:04:14","modified_gmt":"2024-01-18T11:04:14","slug":"chi-siamo","status":"publish","type":"page","link":"https:\/\/ambkinshasa.esteri.it\/it\/chi-siamo\/","title":{"rendered":"Chi siamo"},"content":{"rendered":"<p class=\"boxLevel03\">L\u2019Ambasciata d\u2019Italia \u00e8 stata istituita con Decreto del Presidente della Repubblica n. 699 del 14 giugno 1960, presso l\u2019allora Stato Indipendente del Congo.<\/p>\n<p class=\"boxLevel03\">L\u2019Ambasciata d\u2019Italia oggi nella Repubblica Democratica del Congo \u00e8 situata nel Comune della Gombe, al centro di Kinshasa, in prossimit\u00e0 del Boulevard du 30 Juin, una delle maggiori vie di comunicazione della citt\u00e0. L\u2019Ambasciata \u00e8 composta da un immobile su due livelli, dove vengono ospitati gli uffici della rappresentanza diplomatico-consolare.<\/p>\n<p>Attraverso la sua Cancelleria consolare, l\u2019Ambasciata d\u2019Italia a Kinshasa fornisce una serie di servizi consolari ai cittadini italiani e stranieri residenti nel territorio della sua circoscrizione.<\/p>\n<p>L&#8217;Ambasciata coordina inoltre le attivit\u00e0 del Consolato Onorario di Lubumbashi.<\/p>\n","protected":false},"excerpt":{"rendered":"L\u2019Ambasciata d\u2019Italia \u00e8 stata istituita con Decreto del Presidente della Repubblica n. 699 del 14 giugno 1960, presso l\u2019allora Stato Indipendente del Congo. L\u2019Ambasciata d\u2019Italia oggi nella Repubblica Democratica del Congo \u00e8 situata nel Comune della Gombe, al centro di Kinshasa, in prossimit\u00e0 del Boulevard du 30 Juin, una delle maggiori vie di comunicazione della [&hellip;]","protected":false},"author":1,"featured_media":0,"parent":0,"menu_order":2,"comment_status":"closed","ping_status":"closed","template":"","meta":{"footnotes":""},"class_list":["post-13","page","type-page","status-publish","hentry"],"_links":{"self":[{"href":"https:\/\/ambkinshasa.esteri.it\/it\/wp-json\/wp\/v2\/pages\/13","targetHints":{"allow":["GET"]}}],"collection":[{"href":"https:\/\/ambkinshasa.esteri.it\/it\/wp-json\/wp\/v2\/pages"}],"about":[{"href":"https:\/\/ambkinshasa.esteri.it\/it\/wp-json\/wp\/v2\/types\/page"}],"author":[{"embeddable":true,"href":"https:\/\/ambkinshasa.esteri.it\/it\/wp-json\/wp\/v2\/users\/1"}],"replies":[{"embeddable":true,"href":"https:\/\/ambkinshasa.esteri.it\/it\/wp-json\/wp\/v2\/comments?post=13"}],"version-history":[{"count":6,"href":"https:\/\/ambkinshasa.esteri.it\/it\/wp-json\/wp\/v2\/pages\/13\/revisions"}],"predecessor-version":[{"id":1488,"href":"https:\/\/ambkinshasa.esteri.it\/it\/wp-json\/wp\/v2\/pages\/13\/revisions\/1488"}],"wp:attachment":[{"href":"https:\/\/ambkinshasa.esteri.it\/it\/wp-json\/wp\/v2\/media?parent=13"}],"curies":[{"name":"wp","href":"https:\/\/api.w.org\/{rel}","templated":true}]}}