{"id":1856,"date":"2024-04-03T12:13:43","date_gmt":"2024-04-03T11:13:43","guid":{"rendered":"https:\/\/ambkinshasa.esteri.it\/?page_id=1856"},"modified":"2024-04-04T12:28:16","modified_gmt":"2024-04-04T11:28:16","slug":"eurasia-auditions-en-tournee-en-republique-democratique-du-congo-2024","status":"publish","type":"page","link":"https:\/\/ambkinshasa.esteri.it\/it\/italia-e-repubblica-democratica-del-congo\/diplomazia-culturale\/eventi\/eurasia-auditions-en-tournee-en-republique-democratique-du-congo-2024\/","title":{"rendered":"AUDIZIONI EURASIA ON TOUR NELLA REPUBBLICA DEMOCRATICA DEL CONGO 2024"},"content":{"rendered":"<p><img loading=\"lazy\" decoding=\"async\" class=\"size-medium wp-image-1864 img-fluid alignleft\" src=\"https:\/\/ambkinshasa.esteri.it\/wp-content\/uploads\/2024\/04\/eurasia-300x300.jpeg\" alt=\"\" width=\"300\" height=\"300\" srcset=\"https:\/\/ambkinshasa.esteri.it\/wp-content\/uploads\/2024\/04\/eurasia-300x300.jpeg 300w, https:\/\/ambkinshasa.esteri.it\/wp-content\/uploads\/2024\/04\/eurasia-150x150.jpeg 150w, https:\/\/ambkinshasa.esteri.it\/wp-content\/uploads\/2024\/04\/eurasia-768x768.jpeg 768w, https:\/\/ambkinshasa.esteri.it\/wp-content\/uploads\/2024\/04\/eurasia.jpeg 787w\" sizes=\"auto, (max-width: 300px) 100vw, 300px\" \/><\/p>\n<p style=\"text-align: justify;\">Le Audizioni EurAsia On Tour nella Repubblica Democratica del Congo sono organizzate da EurAsia Dance Project International Network, diretto da Stefano Fardelli, e sostenute dall&#8217;Ambasciata d&#8217;Italia a Kinshasa.<br \/>\nDurante il tour EurAsia Auditions, Stefano Fardelli selezioner\u00e0 gli studenti di danza contemporanea e urbana da inserire in un programma professionale, con un diploma riconosciuto a livello internazionale, presso la DanceHaus Accademia Susanna Beltrami (Italia), la Contemporary Dance School Hamburg (Germania), la DanceHaus Hip Hop Department Academy (Italia), la Tanzakademie Balance1 (Germania), in Europa.<br \/>\nTutti i vincitori dell&#8217;audizione riceveranno una borsa di studio EurAsia del 25% &#8211; 50% &#8211; 80% per i tre anni di formazione professionale e faranno parte del network come studenti EurAsia inizialmente e come ballerini professionisti dopo il conseguimento del diploma.<br \/>\nIl valore complessivo delle borse di studio, che verranno portate nella Repubblica Democratica del Congo nell&#8217;aprile 2024, ammonta a 200.000,00 euro: Stefano Fardelli non \u00e8 obbligato a consegnare tutte le borse di studio, ma premier\u00e0 solo gli studenti pronti per questa opportunit\u00e0 fino al raggiungimento dell&#8217;importo massimo sopra indicato.<\/p>\n<p style=\"text-align: justify;\">INIZIA IL TUO PERCORSO PROFESSIONALE CON EURASIA<\/p>\n<p style=\"text-align: justify;\">UNISCITI A NOI : <strong><a href=\"http:\/\/www.eurasiadanceproject.com\">www.eurasiadanceproject.com<\/a><\/strong> WhatsApp : <strong>+39 3394424771<\/strong><\/p>\n<p style=\"text-align: justify;\">INFO : <strong><a href=\"mailto:eurasia@eurasiadanceproject.com\">eurasia@eurasiadanceproject.com<\/a><\/strong><\/p>\n<p style=\"text-align: justify;\">RESTA CONNESSO registrati alla newsletter gratuita cliccando qui : <strong><a href=\"http:\/\/eepurl.com\/dApwNP\">http:\/\/eepurl.com\/dApwNP<\/a><\/strong><\/p>\n<p style=\"text-align: justify;\">AUDIZIONI : Centre Wallonie Bruxelles il 3 e 4 aprile 2024, dalle 8:30 alle 13:30.<\/p>\n<p style=\"text-align: justify;\">SPETTACOLI DI DANZA : Centre Wallonie Bruxelles il 5 aprile 2024, dalle 19:00<\/p>\n<p>&nbsp;<\/p>\n<p style=\"text-align: justify;\"><img loading=\"lazy\" decoding=\"async\" class=\"size-medium wp-image-1915 img-fluid alignleft\" src=\"https:\/\/ambkinshasa.esteri.it\/wp-content\/uploads\/2024\/04\/eurasia2-300x300.jpeg\" alt=\"\" width=\"300\" height=\"300\" srcset=\"https:\/\/ambkinshasa.esteri.it\/wp-content\/uploads\/2024\/04\/eurasia2-300x300.jpeg 300w, https:\/\/ambkinshasa.esteri.it\/wp-content\/uploads\/2024\/04\/eurasia2-150x150.jpeg 150w, https:\/\/ambkinshasa.esteri.it\/wp-content\/uploads\/2024\/04\/eurasia2.jpeg 762w\" sizes=\"auto, (max-width: 300px) 100vw, 300px\" \/><\/p>\n<p style=\"text-align: justify;\"><strong>OMMANIPADMEHUM<\/strong> di Stefano Fardelli, che fa parte dell&#8217;EurAsia Directory. Il pezzo \u00e8 ballato da E.D.C. &#8211; Compagnia di Danza EurAsia.<\/p>\n<p style=\"text-align: justify;\">Lo spettacolo sar\u00e0 preceduto da una conferenza stampa e dalla presentazione della tourn\u00e9e del network internazionale EurAsia Dance Project nella Repubblica Democratica del Congo.<br \/>\nLa tourn\u00e9e nella Repubblica Democratica del Congo \u00e8 organizzata da EurAsia Dance Project International Network in collaborazione con il partner EurAsia DANCEHAUSpi\u00fa di Milano, con il supporto dell&#8217;Ambasciata d&#8217;Italia a Kinshasa.<br \/>\nOM-MANI-PADME-HUM, che significa letteralmente &#8220;onorare il gioiello di loto&#8221; in sanscrito, si concentra sulla storia e sui rituali dei buddisti tibetani dell&#8217;ordine dei Cappelli Gialli, in particolare sui loro legami con i monaci di Shaolin e quindi sullo studio dei la loro formazione. L&#8217;idea per questo nuovo progetto nasce dalla necessit\u00e0 di continuare l&#8217;esplorazione e l&#8217;approfondimento della connessione tra spiritualit\u00e0 e rito attraverso il movimento, gi\u00e0 iniziata con il precedente solista NAMU: la parola sanscrita namu &#8211; o namas &#8211; significa &#8220;devozione&#8221;.<\/p>\n<p style=\"text-align: justify;\">Durante tutto il periodo creativo, i ballerini della compagnia si sono formati con i monaci Shaolin, studiandone le tecniche di meditazione e di combattimento. Il passo successivo \u00e8 consistito nel tradurre, attraverso &#8220;codice contemporaneo&#8221;, le loro sequenze e movimenti collocandoli nello spazio e rendendoli astratti, conservandone cos\u00ec l&#8217;essenza e rendendoli funzionali alla messa in scena. Lo stesso procedimento \u00e8 stato seguito per la creazione dei costumi e delle atmosfere dello spettacolo.<br \/>\nGli incontri con monaci buddisti e studenti di arti marziali, lo studio delle loro pratiche e delle loro cerimonie sono alla base della coreografia. Quando suona la campana, il rito ha inizio, i danzatori entrano in quello che potrebbe essere un tempio e ci trasportano in un&#8217;altra dimensione e in un altro luogo, accompagnati dalla musica originale di Francesco Ziello.<br \/>\nI cappelli, i mantelli, il sole, simbolo del divino, e l&#8217;oro dei templi sono spesso resi astratti da un igienizzato uso architettonico dello spazio e da musiche d&#8217;archi o orchestrali che creano contrasti tra le immagini orientali e le sonorit\u00e0 occidentali.<br \/>\nInsomma, un cast multiculturale che traduce i movimenti dei monaci Shaolin con diverse sfumature che rivelano le origini dei vari ballerini e quindi una qualit\u00e0 di movimento legata alle danze tradizionali degli interpreti che influenzano e danno carattere all&#8217;intero pezzo.<\/p>\n<p style=\"text-align: justify;\">COREOGRAFIA : Stefano Fardelli<\/p>\n<p style=\"text-align: justify;\">BALLERINI : Jesus Rea (Bolivia), Marco Hernandez (Messico)<\/p>\n<p style=\"text-align: justify;\">MUSICA ORIGINALE : Francesco Ziello<\/p>\n<p style=\"text-align: justify;\">MUSICA : 10 Preludi Op. 23 di Serjei Rachmaninoff, Concerto per violoncello e archi di Dobrinka Tabakova, Il clavicembalo ben temperato Libro 1 di Jean-S\u00e9bastien Bach, Paths So Different di Dobrinka Tabakova<\/p>\n<p style=\"text-align: justify;\">COSTUMISTA : Marco Hernandez | Dalla Croce<\/p>\n<p style=\"text-align: justify;\">VIDEOGRAFO : Salvatore Lazzaro<\/p>\n<p style=\"text-align: justify;\">ARTISTA VISIVO : Matteo Bittante<\/p>\n<p style=\"text-align: justify;\">FOTOGRAFIA : Salvatore Lazzaro e Antonino Dimondo<\/p>\n<p>&nbsp;<\/p>\n<p style=\"text-align: justify;\"><img loading=\"lazy\" decoding=\"async\" class=\"size-medium wp-image-1840 img-fluid alignleft\" src=\"https:\/\/ambkinshasa.esteri.it\/wp-content\/uploads\/2024\/04\/eurasia1-300x300.jpeg\" alt=\"\" width=\"300\" height=\"300\" srcset=\"https:\/\/ambkinshasa.esteri.it\/wp-content\/uploads\/2024\/04\/eurasia1-300x300.jpeg 300w, https:\/\/ambkinshasa.esteri.it\/wp-content\/uploads\/2024\/04\/eurasia1-150x150.jpeg 150w, https:\/\/ambkinshasa.esteri.it\/wp-content\/uploads\/2024\/04\/eurasia1.jpeg 762w\" sizes=\"auto, (max-width: 300px) 100vw, 300px\" \/><\/p>\n<p style=\"text-align: justify;\"><strong>SVARUPA &amp; VYAKTA<\/strong> di Stefano Fardelli, fa parte dell&#8217;EurAsia Directory.<br \/>\nIl pezzo \u00e8 ballato da E.D.C. &#8211; Compagnia di Danza EurAsia.<\/p>\n<p style=\"text-align: justify;\">Lo spettacolo sar\u00e0 preceduto alle ore 18:00 da una conferenza stampa di presentazione del tour internazionale del network EurAsia Dance Project nella Repubblica Democratica del Congo organizzato da EurAsia Dance Project International Network in collaborazione con il partner EurAsia DANCEHAUSpi\u00fa&#8217; di Milano, Italia, e con il sostegno dell&#8217;Ambasciata italiana a Kinshasa.<br \/>\nSvarupa &#8211; vyakta \u00e8 un assolo ispirato ad un viaggio in India e significa &#8220;S\u00e9&#8221; in sanscrito in due modi diversi, cos\u00ec come sar\u00e0 la dialettica che si crea tra i ballerini e il corpo cinque palloncini, che rappresentano la proiezione del \u201cS\u00e9\u201d in un&#8217;altra dimensione.<br \/>\nIl duo verr\u00e0 presentato nella seconda parte della serata, dopo la premi\u00e8re di OMMANIPADMEHUM.<br \/>\nSvarupa-vyakta \u00e8 un brano storico del repertorio di Stefano Fardelli, un assolo di grande successo che ha girato il mondo tra il 2014 e il 2019, ballato dallo stesso Stefano Fardelli, e che viene nuovamente messo in scena in duetto, con il nuovo titolo Svarupa &amp; Vyakta.<\/p>\n<p style=\"text-align: justify;\">BALLERINI : Marco Hernandez (Messico), Jesus Rea (Bolivia).<\/p>\n","protected":false},"excerpt":{"rendered":"Le Audizioni EurAsia On Tour nella Repubblica Democratica del Congo sono organizzate da EurAsia Dance Project International Network, diretto da Stefano Fardelli, e sostenute dall&#8217;Ambasciata d&#8217;Italia a Kinshasa. Durante il tour EurAsia Auditions, Stefano Fardelli selezioner\u00e0 gli studenti di danza contemporanea e urbana da inserire in un programma professionale, con un diploma riconosciuto a livello [&hellip;]","protected":false},"author":4,"featured_media":0,"parent":1849,"menu_order":0,"comment_status":"closed","ping_status":"closed","template":"","meta":{"footnotes":""},"class_list":["post-1856","page","type-page","status-publish","hentry"],"_links":{"self":[{"href":"https:\/\/ambkinshasa.esteri.it\/it\/wp-json\/wp\/v2\/pages\/1856","targetHints":{"allow":["GET"]}}],"collection":[{"href":"https:\/\/ambkinshasa.esteri.it\/it\/wp-json\/wp\/v2\/pages"}],"about":[{"href":"https:\/\/ambkinshasa.esteri.it\/it\/wp-json\/wp\/v2\/types\/page"}],"author":[{"embeddable":true,"href":"https:\/\/ambkinshasa.esteri.it\/it\/wp-json\/wp\/v2\/users\/4"}],"replies":[{"embeddable":true,"href":"https:\/\/ambkinshasa.esteri.it\/it\/wp-json\/wp\/v2\/comments?post=1856"}],"version-history":[{"count":6,"href":"https:\/\/ambkinshasa.esteri.it\/it\/wp-json\/wp\/v2\/pages\/1856\/revisions"}],"predecessor-version":[{"id":1877,"href":"https:\/\/ambkinshasa.esteri.it\/it\/wp-json\/wp\/v2\/pages\/1856\/revisions\/1877"}],"up":[{"embeddable":true,"href":"https:\/\/ambkinshasa.esteri.it\/it\/wp-json\/wp\/v2\/pages\/1849"}],"wp:attachment":[{"href":"https:\/\/ambkinshasa.esteri.it\/it\/wp-json\/wp\/v2\/media?parent=1856"}],"curies":[{"name":"wp","href":"https:\/\/api.w.org\/{rel}","templated":true}]}}